{"id":34,"date":"2013-05-22T21:34:18","date_gmt":"2013-05-22T19:34:18","guid":{"rendered":"http:\/\/frauenaerztin-castrop.de\/?page_id=34"},"modified":"2025-12-29T15:10:31","modified_gmt":"2025-12-29T13:10:31","slug":"wahlleistungen","status":"publish","type":"page","link":"https:\/\/frauenaerztin-castrop.de\/?page_id=34","title":{"rendered":"Aktuelles"},"content":{"rendered":"\n<p>Aus personellen Gr\u00fcnden ist die Praxis <strong>am 29.\/30.12.2025 sowie am 02.01.2026 nur von 8-14 Uhr ge\u00f6ffnet.<\/strong> In dieser Zeit k\u00f6nnen wir neben der Schwangerenvorsorge nur Patientinnen mit<strong> akuten Beschwerden<\/strong> behandeln. Wir danken f\u00fcr Ihr Verst\u00e4ndnis!<\/p>\n\n\n\n<p>F\u00fcr das Ausstellen von E-Rezepten ist das Einlesen der Krankenversicherungskarte einmal im Quartal erforderlich.<\/p>\n\n\n\n<p>Wir impfen gegen Covid und Influenza (Grippeschutzimpfung)<\/p>\n\n\n\n<p>Teleonnummer des \u00e4rztlichen Notdienstes: 116117<\/p>\n\n\n\n<p><\/p>\n","protected":false},"excerpt":{"rendered":"<p>Aus personellen Gr\u00fcnden ist die Praxis am 29.\/30.12.2025 sowie am 02.01.2026 nur von 8-14 Uhr ge\u00f6ffnet. In dieser Zeit k\u00f6nnen wir neben der Schwangerenvorsorge nur Patientinnen mit akuten Beschwerden behandeln. Wir danken f\u00fcr Ihr Verst\u00e4ndnis! F\u00fcr das Ausstellen von E-Rezepten ist das Einlesen der Krankenversicherungskarte einmal im Quartal erforderlich. Wir impfen gegen Covid und Influenza [&hellip;]<\/p>\n","protected":false},"author":1,"featured_media":3588,"parent":0,"menu_order":0,"comment_status":"closed","ping_status":"closed","template":"","meta":{"footnotes":""},"class_list":["post-34","page","type-page","status-publish","has-post-thumbnail","czr-hentry"],"_links":{"self":[{"href":"https:\/\/frauenaerztin-castrop.de\/index.php?rest_route=\/wp\/v2\/pages\/34","targetHints":{"allow":["GET"]}}],"collection":[{"href":"https:\/\/frauenaerztin-castrop.de\/index.php?rest_route=\/wp\/v2\/pages"}],"about":[{"href":"https:\/\/frauenaerztin-castrop.de\/index.php?rest_route=\/wp\/v2\/types\/page"}],"author":[{"embeddable":true,"href":"https:\/\/frauenaerztin-castrop.de\/index.php?rest_route=\/wp\/v2\/users\/1"}],"replies":[{"embeddable":true,"href":"https:\/\/frauenaerztin-castrop.de\/index.php?rest_route=%2Fwp%2Fv2%2Fcomments&post=34"}],"version-history":[{"count":29,"href":"https:\/\/frauenaerztin-castrop.de\/index.php?rest_route=\/wp\/v2\/pages\/34\/revisions"}],"predecessor-version":[{"id":3987,"href":"https:\/\/frauenaerztin-castrop.de\/index.php?rest_route=\/wp\/v2\/pages\/34\/revisions\/3987"}],"wp:featuredmedia":[{"embeddable":true,"href":"https:\/\/frauenaerztin-castrop.de\/index.php?rest_route=\/wp\/v2\/media\/3588"}],"wp:attachment":[{"href":"https:\/\/frauenaerztin-castrop.de\/index.php?rest_route=%2Fwp%2Fv2%2Fmedia&parent=34"}],"curies":[{"name":"wp","href":"https:\/\/api.w.org\/{rel}","templated":true}]}}