{"id":146,"date":"2013-06-06T18:56:56","date_gmt":"2013-06-06T16:56:56","guid":{"rendered":"http:\/\/frauenaerztin-castrop.de\/?page_id=146"},"modified":"2025-07-22T19:29:03","modified_gmt":"2025-07-22T17:29:03","slug":"sprechzeiten-2","status":"publish","type":"page","link":"https:\/\/frauenaerztin-castrop.de\/?page_id=146","title":{"rendered":"Online-Termine \/ Sprechzeiten"},"content":{"rendered":"<p>Unsere Praxis ist zu folgenden Zeiten ge\u00f6ffnet:<\/p>\n<p><strong>Vormittags t\u00e4glich von 8 bis 11.30 Uhr<\/strong><br \/><strong> Nachmittags am Montag, Dienstag und Donnerstag von 15 bis 17 Uhr<\/strong><\/p>\n<p><strong>Offene Sprechstunde:<\/strong><\/p>\n<ul>\n<li>montags 9 &#8211; 11.30 Uhr bei Frau Dr. Gomon\u00a0 <strong>\u00a0! Am 28.07.2025 KEINE OFFENE SPRECHSTUNDE !<\/strong><\/li>\n<li>donnerstags 9 &#8211; 11.30 Uhr bei Frau Dr. Kleis<\/li>\n<li>donnerstags 15 bis 17 Uhr im Wechsel bei Frau Dr. Gomon und Frau Dr. Kleis<\/li>\n<\/ul>\n<p><strong>Selbstverst\u00e4ndlich bieten wir nach Vereinbarung\u00a0 Termine auch au\u00dferhalb der oben genannten Zeiten an!<\/strong><\/p>\n<p>Unsere<strong> M\u00e4dchensprechstunde\u00a0<\/strong>donnerstags (14.30 bis 17 Uhr) kann <strong>ohne vorherige Terminvereinbarung<\/strong> in Anspruch genommen werden.<\/p>\n<p><strong><br \/><\/strong>Nat\u00fcrlich wissen wir, dass nicht alle Probleme und Sorgen planbar auftreten. Deshalb sind wir auch in Notf\u00e4llen und bei akuten Problemen gerne f\u00fcr Sie da. Bitte melden Sie sich in diesem Fall zur konkreten Absprache telefonisch\u00a0 (0 23 05 \/ 44 59 667) odre gerne auch per mail (mail@frauenaerztin-castrop.de).<\/p>\n<p><a href=\"https:\/\/www.doctolib.de\/gemeinschaftspraxis\/castrop-rauxel\/gynaekologische-praxis-dr-kleis-dr-gomon?utm_campaign=website-button&amp;utm_source=gynaekologische-praxis-dr-kleis-dr-gomon-website-button&amp;utm_medium=referral&amp;utm_content=option-8&amp;utm_term=gynaekologische-praxis-dr-kleis-dr-gomon\" target=\"_blank\" rel=\"noopener\"><strong>Online-Terminvereinbarung<\/strong><\/a><\/p>\n\n\n\n\n<p><\/p>\n","protected":false},"excerpt":{"rendered":"<p>Unsere Praxis ist zu folgenden Zeiten ge\u00f6ffnet: Vormittags t\u00e4glich von 8 bis 11.30 Uhr Nachmittags am Montag, Dienstag und Donnerstag von 15 bis 17 Uhr Offene Sprechstunde: montags 9 &#8211; 11.30 Uhr bei Frau Dr. Gomon\u00a0 \u00a0! Am 28.07.2025 KEINE OFFENE SPRECHSTUNDE ! donnerstags 9 &#8211; 11.30 Uhr bei Frau Dr. Kleis donnerstags 15 bis [&hellip;]<\/p>\n","protected":false},"author":1,"featured_media":3608,"parent":0,"menu_order":0,"comment_status":"closed","ping_status":"closed","template":"","meta":{"footnotes":""},"class_list":["post-146","page","type-page","status-publish","has-post-thumbnail","czr-hentry"],"_links":{"self":[{"href":"https:\/\/frauenaerztin-castrop.de\/index.php?rest_route=\/wp\/v2\/pages\/146","targetHints":{"allow":["GET"]}}],"collection":[{"href":"https:\/\/frauenaerztin-castrop.de\/index.php?rest_route=\/wp\/v2\/pages"}],"about":[{"href":"https:\/\/frauenaerztin-castrop.de\/index.php?rest_route=\/wp\/v2\/types\/page"}],"author":[{"embeddable":true,"href":"https:\/\/frauenaerztin-castrop.de\/index.php?rest_route=\/wp\/v2\/users\/1"}],"replies":[{"embeddable":true,"href":"https:\/\/frauenaerztin-castrop.de\/index.php?rest_route=%2Fwp%2Fv2%2Fcomments&post=146"}],"version-history":[{"count":18,"href":"https:\/\/frauenaerztin-castrop.de\/index.php?rest_route=\/wp\/v2\/pages\/146\/revisions"}],"predecessor-version":[{"id":3968,"href":"https:\/\/frauenaerztin-castrop.de\/index.php?rest_route=\/wp\/v2\/pages\/146\/revisions\/3968"}],"wp:featuredmedia":[{"embeddable":true,"href":"https:\/\/frauenaerztin-castrop.de\/index.php?rest_route=\/wp\/v2\/media\/3608"}],"wp:attachment":[{"href":"https:\/\/frauenaerztin-castrop.de\/index.php?rest_route=%2Fwp%2Fv2%2Fmedia&parent=146"}],"curies":[{"name":"wp","href":"https:\/\/api.w.org\/{rel}","templated":true}]}}